{"id":95,"date":"2024-02-20T20:39:06","date_gmt":"2024-02-20T19:39:06","guid":{"rendered":"http:\/\/briand-berthereau.com\/new_website\/?page_id=95"},"modified":"2026-02-04T16:51:36","modified_gmt":"2026-02-04T15:51:36","slug":"about","status":"publish","type":"page","link":"https:\/\/briand-berthereau.com\/en\/about\/","title":{"rendered":"About"},"content":{"rendered":"<p>Paris<br \/>\n<a href=\"https:\/\/maps.app.goo.gl\/CG8VhC78fBGr7cKJA\" target=\"_blank\" rel=\"noopener\">9, rue du Delta 75009 Paris<\/a><\/p>\n<p>Bretagne<br \/>\n<a href=\"https:\/\/maps.app.goo.gl\/vUUy9misJDQTYbYo6\" target=\"_blank\" rel=\"noopener\">20, rue du couchant ZA Kergroix 56510,<br \/>\nSaint-Pierre-Quiberon<\/a><\/p>\n<p>Telephone : +33 (0)1 83 92 44 46<\/p>\n<p>Mail: <a href=\"mailto:info@briand-berthereau.com\">info@briand-berthereau.com<\/a><br \/>\nJob opportunities: <a href=\"mailto:job@briand-berthereau.com\">job@briand-berthereau.com<\/a><\/p>\n<p>Downloads:<\/p>\n<p>\u00b7 <a href=\"https:\/\/briand-berthereau.com\/new_website\/wp-content\/uploads\/2025\/09\/SBB_JOURNAL_12_espace-2.pdf\" target=\"_blank\" rel=\"noopener\">Interiors Book<\/a><br \/>\n\u00b7 <a href=\"https:\/\/briand-berthereau.com\/new_website\/wp-content\/uploads\/2025\/10\/SBB_JOURNAL_12_design-2.pdf\" target=\"_blank\" rel=\"noopener\">Design Book<\/a><br \/>\n\u00b7 <a href=\"https:\/\/briand-berthereau.com\/new_website\/wp-content\/uploads\/2026\/02\/260204_SBB_Dossier-historique-PRESSE.pdf\" target=\"_blank\" rel=\"noopener\">Press<\/a><br \/>\n\u00b7 <a href=\"https:\/\/briand-berthereau.com\/new_website\/wp-content\/uploads\/2024\/10\/CV-2024.pdf\" target=\"_blank\" rel=\"noopener\">CV<\/a><\/p>\n","protected":false},"excerpt":{"rendered":"<p>Paris 9, rue du Delta 75009 Paris Bretagne 20, rue du couchant ZA Kergroix 56510, Saint-Pierre-Quiberon Telephone : +33 (0)1 83 92 44 46 Mail: info@briand-berthereau.com Job opportunities: job@briand-berthereau.com Downloads: \u00b7 Interiors Book \u00b7 Design Book \u00b7 Press \u00b7 CV<\/p>\n","protected":false},"author":1,"featured_media":0,"parent":0,"menu_order":2,"comment_status":"closed","ping_status":"closed","template":"page-A-PROPOS.php","meta":{"_acf_changed":false,"footnotes":""},"class_list":["post-95","page","type-page","status-publish","hentry"],"acf":[],"yoast_head":"<!-- This site is optimized with the Yoast SEO plugin v27.5 - https:\/\/yoast.com\/product\/yoast-seo-wordpress\/ -->\n<title>About - Studio Briand et Berthereau<\/title>\n<meta name=\"robots\" content=\"index, follow, max-snippet:-1, max-image-preview:large, max-video-preview:-1\" \/>\n<link rel=\"canonical\" href=\"https:\/\/briand-berthereau.com\/en\/about\/\" \/>\n<meta property=\"og:locale\" content=\"en_US\" \/>\n<meta property=\"og:type\" content=\"article\" \/>\n<meta property=\"og:title\" content=\"About - Studio Briand et Berthereau\" \/>\n<meta property=\"og:description\" content=\"Paris 9, rue du Delta 75009 Paris Bretagne 20, rue du couchant ZA Kergroix 56510, Saint-Pierre-Quiberon Telephone : +33 (0)1 83 92 44 46 Mail: info@briand-berthereau.com Job opportunities: job@briand-berthereau.com Downloads: \u00b7 Interiors Book \u00b7 Design Book \u00b7 Press \u00b7 CV\" \/>\n<meta property=\"og:url\" content=\"https:\/\/briand-berthereau.com\/en\/about\/\" \/>\n<meta property=\"og:site_name\" content=\"Studio Briand et Berthereau\" \/>\n<meta property=\"article:modified_time\" content=\"2026-02-04T15:51:36+00:00\" \/>\n<meta name=\"twitter:card\" content=\"summary_large_image\" \/>\n<meta name=\"twitter:label1\" content=\"Est. reading time\" \/>\n\t<meta name=\"twitter:data1\" content=\"1 minute\" \/>\n<script type=\"application\/ld+json\" class=\"yoast-schema-graph\">{\"@context\":\"https:\\\/\\\/schema.org\",\"@graph\":[{\"@type\":\"WebPage\",\"@id\":\"https:\\\/\\\/briand-berthereau.com\\\/en\\\/about\\\/\",\"url\":\"https:\\\/\\\/briand-berthereau.com\\\/en\\\/about\\\/\",\"name\":\"About - Studio Briand et Berthereau\",\"isPartOf\":{\"@id\":\"https:\\\/\\\/briand-berthereau.com\\\/en\\\/#website\"},\"datePublished\":\"2024-02-20T19:39:06+00:00\",\"dateModified\":\"2026-02-04T15:51:36+00:00\",\"inLanguage\":\"en-US\",\"potentialAction\":[{\"@type\":\"ReadAction\",\"target\":[\"https:\\\/\\\/briand-berthereau.com\\\/en\\\/about\\\/\"]}]},{\"@type\":\"WebSite\",\"@id\":\"https:\\\/\\\/briand-berthereau.com\\\/en\\\/#website\",\"url\":\"https:\\\/\\\/briand-berthereau.com\\\/en\\\/\",\"name\":\"Studio Briand et Berthereau\",\"description\":\"Studio Briand&amp;Berthereau est une agence de design et d\u2019architecture int\u00e9rieure bas\u00e9e \u00e0 Paris et en Bretagne.\",\"potentialAction\":[{\"@type\":\"SearchAction\",\"target\":{\"@type\":\"EntryPoint\",\"urlTemplate\":\"https:\\\/\\\/briand-berthereau.com\\\/en\\\/?s={search_term_string}\"},\"query-input\":{\"@type\":\"PropertyValueSpecification\",\"valueRequired\":true,\"valueName\":\"search_term_string\"}}],\"inLanguage\":\"en-US\"}]}<\/script>\n<!-- \/ Yoast SEO plugin. -->","yoast_head_json":{"title":"About - Studio Briand et Berthereau","robots":{"index":"index","follow":"follow","max-snippet":"max-snippet:-1","max-image-preview":"max-image-preview:large","max-video-preview":"max-video-preview:-1"},"canonical":"https:\/\/briand-berthereau.com\/en\/about\/","og_locale":"en_US","og_type":"article","og_title":"About - Studio Briand et Berthereau","og_description":"Paris 9, rue du Delta 75009 Paris Bretagne 20, rue du couchant ZA Kergroix 56510, Saint-Pierre-Quiberon Telephone : +33 (0)1 83 92 44 46 Mail: info@briand-berthereau.com Job opportunities: job@briand-berthereau.com Downloads: \u00b7 Interiors Book \u00b7 Design Book \u00b7 Press \u00b7 CV","og_url":"https:\/\/briand-berthereau.com\/en\/about\/","og_site_name":"Studio Briand et Berthereau","article_modified_time":"2026-02-04T15:51:36+00:00","twitter_card":"summary_large_image","twitter_misc":{"Est. reading time":"1 minute"},"schema":{"@context":"https:\/\/schema.org","@graph":[{"@type":"WebPage","@id":"https:\/\/briand-berthereau.com\/en\/about\/","url":"https:\/\/briand-berthereau.com\/en\/about\/","name":"About - Studio Briand et Berthereau","isPartOf":{"@id":"https:\/\/briand-berthereau.com\/en\/#website"},"datePublished":"2024-02-20T19:39:06+00:00","dateModified":"2026-02-04T15:51:36+00:00","inLanguage":"en-US","potentialAction":[{"@type":"ReadAction","target":["https:\/\/briand-berthereau.com\/en\/about\/"]}]},{"@type":"WebSite","@id":"https:\/\/briand-berthereau.com\/en\/#website","url":"https:\/\/briand-berthereau.com\/en\/","name":"Studio Briand et Berthereau","description":"Studio Briand&amp;Berthereau est une agence de design et d\u2019architecture int\u00e9rieure bas\u00e9e \u00e0 Paris et en Bretagne.","potentialAction":[{"@type":"SearchAction","target":{"@type":"EntryPoint","urlTemplate":"https:\/\/briand-berthereau.com\/en\/?s={search_term_string}"},"query-input":{"@type":"PropertyValueSpecification","valueRequired":true,"valueName":"search_term_string"}}],"inLanguage":"en-US"}]}},"_links":{"self":[{"href":"https:\/\/briand-berthereau.com\/en\/wp-json\/wp\/v2\/pages\/95","targetHints":{"allow":["GET"]}}],"collection":[{"href":"https:\/\/briand-berthereau.com\/en\/wp-json\/wp\/v2\/pages"}],"about":[{"href":"https:\/\/briand-berthereau.com\/en\/wp-json\/wp\/v2\/types\/page"}],"author":[{"embeddable":true,"href":"https:\/\/briand-berthereau.com\/en\/wp-json\/wp\/v2\/users\/1"}],"replies":[{"embeddable":true,"href":"https:\/\/briand-berthereau.com\/en\/wp-json\/wp\/v2\/comments?post=95"}],"version-history":[{"count":54,"href":"https:\/\/briand-berthereau.com\/en\/wp-json\/wp\/v2\/pages\/95\/revisions"}],"predecessor-version":[{"id":3842,"href":"https:\/\/briand-berthereau.com\/en\/wp-json\/wp\/v2\/pages\/95\/revisions\/3842"}],"wp:attachment":[{"href":"https:\/\/briand-berthereau.com\/en\/wp-json\/wp\/v2\/media?parent=95"}],"curies":[{"name":"wp","href":"https:\/\/api.w.org\/{rel}","templated":true}]}}